{"id":1772,"date":"2023-02-13T09:21:41","date_gmt":"2023-02-13T08:21:41","guid":{"rendered":"https:\/\/www.campinglizoe.fr\/playground\/"},"modified":"2025-06-20T16:27:32","modified_gmt":"2025-06-20T14:27:32","slug":"leisure-camping-pont-croix","status":"publish","type":"page","link":"https:\/\/www.campinglizoe.fr\/en\/leisure-camping-pont-croix\/","title":{"rendered":"Playground"},"content":{"rendered":"<section id=\"ls-section-block_5d453cfe44be763a8026294cdc2db2b8\" class=\"ls-section  page-chapeau has-p-b p-b-0\" >\n        <div class=\"container \">\n        \n\n<h1 class=\"ls__heading wp-block-heading has-text-align-center vague-longue jaune\"> The playground of the campsite in Brittany<\/h1>\n\n\n    <\/div>\n<\/section><section id=\"jeux\" class=\"ls-section  page-one\" >\n        <div class=\"container container--wide\">\n        \n\n<div class=\"wp-block-columns is-layout-flex wp-container-core-columns-is-layout-9d6595d7 wp-block-columns-is-layout-flex\">\n<div class=\"wp-block-column is-layout-flow wp-block-column-is-layout-flow\" style=\"flex-basis:60%\">\n<figure class=\"wp-block-image size-large arrondi animated fadeInLeft delay-200ms slow\"><img decoding=\"async\" width=\"1024\" height=\"768\" src=\"https:\/\/www.campinglizoe.fr\/wp-content\/uploads\/2023\/01\/portique-3_1280_960-1024x768.webp\" alt=\"lizoe swing\" class=\"wp-image-1464\" srcset=\"https:\/\/www.campinglizoe.fr\/wp-content\/uploads\/2023\/01\/portique-3_1280_960-1024x768.webp 1024w, https:\/\/www.campinglizoe.fr\/wp-content\/uploads\/2023\/01\/portique-3_1280_960-300x225.webp 300w, https:\/\/www.campinglizoe.fr\/wp-content\/uploads\/2023\/01\/portique-3_1280_960-768x576.webp 768w, https:\/\/www.campinglizoe.fr\/wp-content\/uploads\/2023\/01\/portique-3_1280_960.webp 1280w\" sizes=\"(max-width: 1024px) 100vw, 1024px\" \/><\/figure>\n<\/div>\n\n\n\n<div class=\"wp-block-column is-vertically-aligned-center is-layout-flow wp-block-column-is-layout-flow\" style=\"flex-basis:40%\">\n<h2 class=\"ls__heading wp-block-heading double-vague-left vert\" id=\"jeux\">The playground for your children in Pont-Croix<\/h2>\n\n\n\n<p class=\"ls-paragraph\">Are you looking for a campsite with great activities in Brittany where your young children can make friends and <strong>have fun in complete safety<\/strong>? <\/p>\n\n\n\n<p class=\"ls-paragraph\">The vacations are also an opportunity to get together as a family around activities for children at the campsite in Brittany. Enjoy the beautiful days all year round in our large playground. Almost a third of our campsite&#8217;s surface is dedicated to it!<\/p>\n\n\n\n<p class=\"ls-paragraph\">The trampoline and our 2 swings are waiting for your children! Our &#8220;classic&#8221; and &#8220;bird&#8217;s nest&#8221; swings are great for swinging <strong>with family and friends<\/strong>. And best of all, they can climb our spider web.<\/p>\n\n\n\n<p class=\"ls-paragraph\">In summer, the bouncy castle guarantees them moments of laughter and sharing. Your children will have fun in complete safety for your greatest pleasure! <\/p>\n<\/div>\n<\/div>\n\n\n    <\/div>\n<\/section><section id=\"terrain-sport\" class=\"ls-section  page-two has-background-image has-p-t p-t-20 has-p-b p-b-14\" >\n    <div class=\"ls-section__background-image opacity-100\"><img decoding=\"async\" src=\"https:\/\/www.campinglizoe.fr\/wp-content\/uploads\/2022\/12\/deco-verte-2-1.png\" alt=\"deco verte camping lizoe\"><\/div>    <div class=\"container container--wide\">\n        \n\n<div class=\"wp-block-columns is-layout-flex wp-container-core-columns-is-layout-9d6595d7 wp-block-columns-is-layout-flex\">\n<div class=\"wp-block-column is-vertically-aligned-center is-layout-flow wp-block-column-is-layout-flow\">\n<h2 class=\"ls__heading wp-block-heading double-vague-left vert\">Sports fields at the campsite<\/h2>\n\n\n\n<p class=\"ls-paragraph\">However, we do not forget the older children! All our sports fields are grassed and segregated. <\/p>\n\n\n\n<p class=\"ls-paragraph\">With friends or family, practice your favorite sport on our fields: <strong>soccer<\/strong>, <strong>volleyball<\/strong>, <strong>badminton<\/strong>, <strong>ping-pong<\/strong> and of course a <strong>petanque<\/strong> field! Want to compete with other campers? You will not see the time pass during your tournaments between campers. Atmosphere and good mood guaranteed! <\/p>\n\n\n\n<p class=\"ls-paragraph\">What if you forgot your balls and rackets? We lend them to you, free of charge, at the campsite reception.<\/p>\n<\/div>\n\n\n\n<div class=\"wp-block-column is-vertically-aligned-center is-layout-flow wp-block-column-is-layout-flow\">\n<figure class=\"wp-block-image size-full arrondi has-m-t m-t-8 animated fadeInLeft delay-200ms slow\"><a href=\"https:\/\/www.campinglizoe.fr\/wp-content\/uploads\/2022\/12\/camping-terrain-petanque-finistere.jpg\"><img decoding=\"async\" width=\"900\" height=\"675\" src=\"https:\/\/www.campinglizoe.fr\/wp-content\/uploads\/2022\/12\/camping-terrain-petanque-finistere.jpg\" alt=\"camping ground of petanque finistere\" class=\"wp-image-1093\" srcset=\"https:\/\/www.campinglizoe.fr\/wp-content\/uploads\/2022\/12\/camping-terrain-petanque-finistere.jpg 900w, https:\/\/www.campinglizoe.fr\/wp-content\/uploads\/2022\/12\/camping-terrain-petanque-finistere-300x225.jpg 300w, https:\/\/www.campinglizoe.fr\/wp-content\/uploads\/2022\/12\/camping-terrain-petanque-finistere-768x576.jpg 768w\" sizes=\"(max-width: 900px) 100vw, 900px\" \/><\/a><\/figure>\n<\/div>\n<\/div>\n\n\n\n<div class=\"wp-block-columns is-layout-flex wp-container-core-columns-is-layout-9d6595d7 wp-block-columns-is-layout-flex\">\n<div class=\"wp-block-column is-vertically-aligned-center is-layout-flow wp-block-column-is-layout-flow\">\n<figure class=\"wp-block-image size-full arrondi has-m-b m-b-8 animated fadeInRight delay-200ms slow\" id=\"mini-golf\"><a href=\"https:\/\/www.campinglizoe.fr\/wp-content\/uploads\/2025\/05\/IMG_8003.jpeg\"><img decoding=\"async\" width=\"2048\" height=\"1536\" src=\"https:\/\/www.campinglizoe.fr\/wp-content\/uploads\/2025\/05\/IMG_8003.jpeg\" alt=\"camping mini golf bretagne\" class=\"wp-image-2590\" srcset=\"https:\/\/www.campinglizoe.fr\/wp-content\/uploads\/2025\/05\/IMG_8003.jpeg 2048w, https:\/\/www.campinglizoe.fr\/wp-content\/uploads\/2025\/05\/IMG_8003-300x225.jpeg 300w, https:\/\/www.campinglizoe.fr\/wp-content\/uploads\/2025\/05\/IMG_8003-1024x768.jpeg 1024w, https:\/\/www.campinglizoe.fr\/wp-content\/uploads\/2025\/05\/IMG_8003-768x576.jpeg 768w, https:\/\/www.campinglizoe.fr\/wp-content\/uploads\/2025\/05\/IMG_8003-1536x1152.jpeg 1536w\" sizes=\"(max-width: 2048px) 100vw, 2048px\" \/><\/a><\/figure>\n<\/div>\n\n\n\n<div class=\"wp-block-column is-vertically-aligned-center is-layout-flow wp-block-column-is-layout-flow\">\n<h2 class=\"ls__heading wp-block-heading double-vague-right jaune\">The mini-golf<\/h2>\n\n\n\n<p class=\"ls-paragraph\">Do you want to make a lot of good memories by taking part in the activities of the campsite in Brittany, with its beautiful leisure facilities? <\/p>\n\n\n\n<p class=\"ls-paragraph\">Discover with the family the mini-golf at camping Lizoe: a <strong>9-hole course accessible to all<\/strong>, featuring bridges, castles, and other fun obstacles. An experience that will make your vacation unforgettable.<\/p>\n<\/div>\n<\/div>\n\n\n    <\/div>\n<\/section><section id=\"ls-section-block_a81fe8c03bd9853f59d6a87d827e6d3f\" class=\"ls-section  page-two has-p-t p-t-14 has-p-b p-b-14\" >\n        <div class=\"container container--wide\">\n        \n\n<div class=\"wp-block-columns is-layout-flex wp-container-core-columns-is-layout-9d6595d7 wp-block-columns-is-layout-flex\">\n<div class=\"wp-block-column is-vertically-aligned-center is-layout-flow wp-block-column-is-layout-flow\">\n<h2 class=\"ls__heading wp-block-heading double-vague-left vert\">Loan of board games<\/h2>\n\n\n\n<p class=\"ls-paragraph\"><a href=\"\/\">Lizoe Campground<\/a> makes every effort to provide <strong>family-friendly activities<\/strong> at all times of the day. <\/p>\n\n\n\n<p class=\"ls-paragraph\">For a friendly aperitif or for an afternoon of rest with your children, we offer <strong>a variety of board games<\/strong> for all ages: from Clue to Jungle Speed, laughter guaranteed!<\/p>\n<\/div>\n\n\n\n<div class=\"wp-block-column is-vertically-aligned-center is-layout-flow wp-block-column-is-layout-flow\">\n<figure class=\"wp-block-image size-full arrondi has-m-t m-t-8 animated fadeInLeft delay-200ms slow\"><a href=\"https:\/\/www.campinglizoe.fr\/wp-content\/uploads\/2022\/12\/camping-familial-finistere.jpg\"><img decoding=\"async\" width=\"900\" height=\"675\" src=\"https:\/\/www.campinglizoe.fr\/wp-content\/uploads\/2022\/12\/camping-familial-finistere.jpg\" alt=\"camping familial finistere\" class=\"wp-image-1078\" srcset=\"https:\/\/www.campinglizoe.fr\/wp-content\/uploads\/2022\/12\/camping-familial-finistere.jpg 900w, https:\/\/www.campinglizoe.fr\/wp-content\/uploads\/2022\/12\/camping-familial-finistere-300x225.jpg 300w, https:\/\/www.campinglizoe.fr\/wp-content\/uploads\/2022\/12\/camping-familial-finistere-768x576.jpg 768w\" sizes=\"(max-width: 900px) 100vw, 900px\" \/><\/a><\/figure>\n<\/div>\n<\/div>\n\n\n\n<div class=\"wp-block-columns is-layout-flex wp-container-core-columns-is-layout-9d6595d7 wp-block-columns-is-layout-flex\">\n<div class=\"wp-block-column is-vertically-aligned-center is-layout-flow wp-block-column-is-layout-flow\">\n<figure class=\"wp-block-image size-full arrondi has-m-b m-b-8 animated fadeInRight delay-200ms slow\" id=\"structure-gonflable\"><a href=\"https:\/\/www.campinglizoe.fr\/wp-content\/uploads\/2024\/04\/PHOTO-2022-10-23-09-44-25-2.jpg\"><img decoding=\"async\" width=\"1024\" height=\"768\" src=\"https:\/\/www.campinglizoe.fr\/wp-content\/uploads\/2024\/04\/PHOTO-2022-10-23-09-44-25-2.jpg\" alt=\"camping aire de jeux bretagne\" class=\"wp-image-2160\" srcset=\"https:\/\/www.campinglizoe.fr\/wp-content\/uploads\/2024\/04\/PHOTO-2022-10-23-09-44-25-2.jpg 1024w, https:\/\/www.campinglizoe.fr\/wp-content\/uploads\/2024\/04\/PHOTO-2022-10-23-09-44-25-2-300x225.jpg 300w, https:\/\/www.campinglizoe.fr\/wp-content\/uploads\/2024\/04\/PHOTO-2022-10-23-09-44-25-2-768x576.jpg 768w\" sizes=\"(max-width: 1024px) 100vw, 1024px\" \/><\/a><\/figure>\n<\/div>\n\n\n\n<div class=\"wp-block-column is-vertically-aligned-center is-layout-flow wp-block-column-is-layout-flow\">\n<h2 class=\"ls__heading wp-block-heading double-vague-right jaune\">Our inflatable structure<\/h2>\n\n\n\n<p class=\"ls-paragraph\"><strong>Inflatable notrestructure<\/strong>: the soft mountain, the nerve center of the campsite, is unanimously appreciated by the children. During the summer vacations, it allows you to jump, bounce, fall without getting hurt and especially to meet new vacation friends. <\/p>\n\n\n\n<p class=\"ls-paragraph\">It is also a place of friendly exchange for adults. Our campsite with its many activities, offers you precious moments of joy, laughter and sharing.<\/p>\n\n\n\n<p class=\"ls-paragraph\"><strong>All these services are included in your stay and we provide you with everything you need.<\/strong> Not to mention access to the library and board games.<\/p>\n<\/div>\n<\/div>\n\n\n    <\/div>\n<\/section><section id=\"ls-section-block_90d2a022ad1ea1e150d35c65928755d8\" class=\"ls-section  page-three has-background-image has-parallax has-background has-color-1-background-color has-p-t p-t-14 has-p-b p-b-30\" >\n    <div class=\"ls-section__background-image opacity-50\"><img decoding=\"async\" src=\"https:\/\/www.campinglizoe.fr\/wp-content\/uploads\/2024\/04\/IMG_0886.jpeg\" alt=\"camping familial finistere sud\"><\/div>    <div class=\"container \">\n        \n\n<div id=\"ls-heading ls-titre-div-block_26006daad3a77145042651f499b4bf2f\" class=\"ls-titre-div double-vague-left jaune aligncenter h2-like has-m-b m-b-8\" >\n    What do our customers think of the playground?<\/div>\n\n\n<div class=\"avis-container-pages\"><div class=\"avis\"><div class=\"avis-content-container\"><div class=\"avis-text-container\"><div class=\"avis-name\">Pauline B<\/div><div class=\"avis-note\">\n                <span><i class=\"lizoe-star\"><\/i><\/span><span><i class=\"lizoe-star\"><\/i><\/span><span><i class=\"lizoe-star\"><\/i><\/span><span><i class=\"lizoe-star\"><\/i><\/span><span><i class=\"lizoe-star\"><\/i><\/span>\n                <\/div><div class=\"avis-content\"><p>Merci pour votre accueil tout est au top bravo continuer ainsi Christel et son conjoint<br \/>\nNous avons pass\u00e9 un excellent weekend<br \/>\nLe snack et les services sont parfait<br \/>\n<strong>Bel air de jeux pour les enfants<\/strong><br \/>\nBon espace entre les mobiles homea<\/p>\n<\/div><\/div><\/div><\/div><div class=\"avis\"><div class=\"avis-content-container\"><div class=\"avis-text-container\"><div class=\"avis-name\">Michel F<\/div><div class=\"avis-note\">\n                <span><i class=\"lizoe-star\"><\/i><\/span><span><i class=\"lizoe-star\"><\/i><\/span><span><i class=\"lizoe-star\"><\/i><\/span><span><i class=\"lizoe-star\"><\/i><\/span><span><i class=\"lizoe-star\"><\/i><\/span>\n                <\/div><div class=\"avis-content\"><p>New and very well kept campsite. De grandes places pour les camping-car. <b>Piscine et tr\u00e8s grand terrain de jeux gonflables pour les enfants.<\/b><br \/>\nLes patrons sont tr\u00e8s accueillants ce qui rend un s\u00e9jour tr\u00e8s agr\u00e9able .<\/p>\n<\/div><\/div><\/div><\/div><div class=\"avis\"><div class=\"avis-content-container\"><div class=\"avis-text-container\"><div class=\"avis-name\">Gautier T<\/div><div class=\"avis-note\">\n                <span><i class=\"lizoe-star\"><\/i><\/span><span><i class=\"lizoe-star\"><\/i><\/span><span><i class=\"lizoe-star\"><\/i><\/span><span><i class=\"lizoe-star\"><\/i><\/span><span><i class=\"lizoe-star\"><\/i><\/span>\n                <\/div><div class=\"avis-content\"><p>Family campsite really top, sanitary facilities always clean, nice showers, nice indoor heated pool, <strong>nice playground for children (inflatable structure, mini golf, slide, trampoline&#8230;..)<\/strong> and very welcoming owners, always ready to help! And the snack&#8230; very good!<br \/>\nWe highly recommend this campsite! Keep it up Christel and Julien, it&#8217;s great! Thank you for this stay.<\/p>\n<\/div><\/div><\/div><\/div><\/div>\n\n\n    <\/div>\n<\/section><section id=\"ls-section-block_240b7a79669122ba171d2a00a01f693b\" class=\"ls-section  page-maillage has-p-t p-t-14 has-p-b p-b-14\" >\n        <div class=\"container container--wide\">\n        \n\n<div id=\"ls-heading ls-titre-div-block_a43ad39dcf4e9ce42b69afcca4d3c794\" class=\"ls-titre-div double-vague-right vert aligncenter h2-like has-m-b m-b-8\" >\n    Discover our services, the pool and the activities! <\/div>\n\n\n<div id=\"ls-maillage-block_9f569209ff48328c2bc8fea132bd3fc6\" class=\"ls-maillage cta-style-normal has-p-t p-t-4\" data-rows=\"3\">\n    <div class=\"wp-block-columns\"><div class=\"wp-block-column\">\n\n<a href=\"https:\/\/www.campinglizoe.fr\/en\/camping-pool-heating-pont-croix\/\" target=\"\" rel=\"noopener\" class=\"ls-cta__link\">\n\n\t<div class=\"ls-cta__image\"><img decoding=\"async\" src=\"https:\/\/www.campinglizoe.fr\/wp-content\/uploads\/2024\/04\/IMG_1071-1-768x576.jpeg\" alt=\"camping piscine chauffee finistere\"><\/div>\n\t<div class=\"ls-cta__title\">\n\t\tCampsite heated swimming pool Finist\u00e8re<i class=\"lizoe-chevron-thin-down\"><\/i>\t\n\t<\/div>\n\n\t\t\n<\/a><\/div><div class=\"wp-block-column\">\n\n<a href=\"https:\/\/www.campinglizoe.fr\/en\/activities-brittany\/\" target=\"\" rel=\"noopener\" class=\"ls-cta__link\">\n\n\t<div class=\"ls-cta__image\"><img decoding=\"async\" src=\"https:\/\/www.campinglizoe.fr\/wp-content\/uploads\/2023\/02\/activite-nautique-bretagne-768x576.webp\" alt=\"activite nautique bretagne\"><\/div>\n\t<div class=\"ls-cta__title\">\n\t\tThings to do in Finist\u00e8re<i class=\"lizoe-chevron-thin-down\"><\/i>\t\n\t<\/div>\n\n\t\t\n<\/a><\/div><div class=\"wp-block-column\">\n\n<a href=\"https:\/\/www.campinglizoe.fr\/en\/camping-familial-pont-croix\/\" target=\"\" rel=\"noopener\" class=\"ls-cta__link\">\n\n\t<div class=\"ls-cta__image\"><img decoding=\"async\" src=\"https:\/\/www.campinglizoe.fr\/wp-content\/uploads\/2024\/04\/cadeau-client-e1713278185574.jpg\" alt=\"camping en famille finistere sud\"><\/div>\n\t<div class=\"ls-cta__title\">\n\t\tThe services of the campsite<i class=\"lizoe-chevron-thin-down\"><\/i>\t\n\t<\/div>\n\n\t\t\n<\/a><\/div><\/div><\/div>\n\n    <\/div>\n<\/section>","protected":false},"excerpt":{"rendered":"","protected":false},"author":1,"featured_media":2657,"parent":0,"menu_order":0,"comment_status":"closed","ping_status":"closed","template":"","meta":{"_acf_changed":false,"footnotes":""},"sujet":[],"class_list":["post-1772","page","type-page","status-publish","has-post-thumbnail","hentry"],"acf":[],"yoast_head":"<!-- This site is optimized with the Yoast SEO plugin v25.3 - https:\/\/yoast.com\/wordpress\/plugins\/seo\/ -->\n<title>Camping with playground in Pont-Croix | Camping loisirs Bretagne<\/title>\n<meta name=\"robots\" content=\"index, follow, max-snippet:-1, max-image-preview:large, max-video-preview:-1\" \/>\n<link rel=\"canonical\" href=\"https:\/\/www.campinglizoe.fr\/en\/leisure-camping-pont-croix\/\" \/>\n<meta property=\"og:locale\" content=\"en_US\" \/>\n<meta property=\"og:type\" content=\"article\" \/>\n<meta property=\"og:title\" content=\"Camping with playground in Pont-Croix | Camping loisirs Bretagne\" \/>\n<meta property=\"og:url\" content=\"https:\/\/www.campinglizoe.fr\/en\/leisure-camping-pont-croix\/\" \/>\n<meta property=\"og:site_name\" content=\"Camping Lizo\u00e9\" \/>\n<meta property=\"article:modified_time\" content=\"2025-06-20T14:27:32+00:00\" \/>\n<meta property=\"og:image\" content=\"https:\/\/www.campinglizoe.fr\/wp-content\/uploads\/2025\/05\/IMG_8242.jpeg\" \/>\n\t<meta property=\"og:image:width\" content=\"2048\" \/>\n\t<meta property=\"og:image:height\" content=\"1536\" \/>\n\t<meta property=\"og:image:type\" content=\"image\/jpeg\" \/>\n<meta name=\"twitter:card\" content=\"summary_large_image\" \/>\n<meta name=\"twitter:label1\" content=\"Est. reading time\" \/>\n\t<meta name=\"twitter:data1\" content=\"4 minutes\" \/>\n<script type=\"application\/ld+json\" class=\"yoast-schema-graph\">{\"@context\":\"https:\/\/schema.org\",\"@graph\":[{\"@type\":\"WebPage\",\"@id\":\"https:\/\/www.campinglizoe.fr\/en\/leisure-camping-pont-croix\/\",\"url\":\"https:\/\/www.campinglizoe.fr\/en\/leisure-camping-pont-croix\/\",\"name\":\"Camping with playground in Pont-Croix | Camping loisirs Bretagne\",\"isPartOf\":{\"@id\":\"https:\/\/www.campinglizoe.fr\/#website\"},\"primaryImageOfPage\":{\"@id\":\"https:\/\/www.campinglizoe.fr\/en\/leisure-camping-pont-croix\/#primaryimage\"},\"image\":{\"@id\":\"https:\/\/www.campinglizoe.fr\/en\/leisure-camping-pont-croix\/#primaryimage\"},\"thumbnailUrl\":\"https:\/\/www.campinglizoe.fr\/wp-content\/uploads\/2025\/05\/IMG_8242.jpeg\",\"datePublished\":\"2023-02-13T08:21:41+00:00\",\"dateModified\":\"2025-06-20T14:27:32+00:00\",\"breadcrumb\":{\"@id\":\"https:\/\/www.campinglizoe.fr\/en\/leisure-camping-pont-croix\/#breadcrumb\"},\"inLanguage\":\"en-US\",\"potentialAction\":[{\"@type\":\"ReadAction\",\"target\":[\"https:\/\/www.campinglizoe.fr\/en\/leisure-camping-pont-croix\/\"]}]},{\"@type\":\"ImageObject\",\"inLanguage\":\"en-US\",\"@id\":\"https:\/\/www.campinglizoe.fr\/en\/leisure-camping-pont-croix\/#primaryimage\",\"url\":\"https:\/\/www.campinglizoe.fr\/wp-content\/uploads\/2025\/05\/IMG_8242.jpeg\",\"contentUrl\":\"https:\/\/www.campinglizoe.fr\/wp-content\/uploads\/2025\/05\/IMG_8242.jpeg\",\"width\":2048,\"height\":1536,\"caption\":\"camping animations finistere\"},{\"@type\":\"BreadcrumbList\",\"@id\":\"https:\/\/www.campinglizoe.fr\/en\/leisure-camping-pont-croix\/#breadcrumb\",\"itemListElement\":[{\"@type\":\"ListItem\",\"position\":1,\"name\":\"Camping Finist\u00e8re Sud\",\"item\":\"https:\/\/www.campinglizoe.fr\/en\/\"},{\"@type\":\"ListItem\",\"position\":2,\"name\":\"Camping with leisure in Finist\u00e8re\"}]},{\"@type\":\"WebSite\",\"@id\":\"https:\/\/www.campinglizoe.fr\/#website\",\"url\":\"https:\/\/www.campinglizoe.fr\/\",\"name\":\"Camping Lizo\u00e9\",\"description\":\"\",\"publisher\":{\"@id\":\"https:\/\/www.campinglizoe.fr\/#organization\"},\"potentialAction\":[{\"@type\":\"SearchAction\",\"target\":{\"@type\":\"EntryPoint\",\"urlTemplate\":\"https:\/\/www.campinglizoe.fr\/?s={search_term_string}\"},\"query-input\":{\"@type\":\"PropertyValueSpecification\",\"valueRequired\":true,\"valueName\":\"search_term_string\"}}],\"inLanguage\":\"en-US\"},{\"@type\":\"Organization\",\"@id\":\"https:\/\/www.campinglizoe.fr\/#organization\",\"name\":\"Camping Lizo\u00e9\",\"url\":\"https:\/\/www.campinglizoe.fr\/\",\"logo\":{\"@type\":\"ImageObject\",\"inLanguage\":\"en-US\",\"@id\":\"https:\/\/www.campinglizoe.fr\/#\/schema\/logo\/image\/\",\"url\":\"https:\/\/www.campinglizoe.fr\/wp-content\/uploads\/2022\/11\/cropped-logo-lizoe.png\",\"contentUrl\":\"https:\/\/www.campinglizoe.fr\/wp-content\/uploads\/2022\/11\/cropped-logo-lizoe.png\",\"width\":500,\"height\":500,\"caption\":\"Camping Lizo\u00e9\"},\"image\":{\"@id\":\"https:\/\/www.campinglizoe.fr\/#\/schema\/logo\/image\/\"}}]}<\/script>\n<!-- \/ Yoast SEO plugin. -->","yoast_head_json":{"title":"Camping with playground in Pont-Croix | Camping loisirs Bretagne","robots":{"index":"index","follow":"follow","max-snippet":"max-snippet:-1","max-image-preview":"max-image-preview:large","max-video-preview":"max-video-preview:-1"},"canonical":"https:\/\/www.campinglizoe.fr\/en\/leisure-camping-pont-croix\/","og_locale":"en_US","og_type":"article","og_title":"Camping with playground in Pont-Croix | Camping loisirs Bretagne","og_url":"https:\/\/www.campinglizoe.fr\/en\/leisure-camping-pont-croix\/","og_site_name":"Camping Lizo\u00e9","article_modified_time":"2025-06-20T14:27:32+00:00","og_image":[{"width":2048,"height":1536,"url":"https:\/\/www.campinglizoe.fr\/wp-content\/uploads\/2025\/05\/IMG_8242.jpeg","type":"image\/jpeg"}],"twitter_card":"summary_large_image","twitter_misc":{"Est. reading time":"4 minutes"},"schema":{"@context":"https:\/\/schema.org","@graph":[{"@type":"WebPage","@id":"https:\/\/www.campinglizoe.fr\/en\/leisure-camping-pont-croix\/","url":"https:\/\/www.campinglizoe.fr\/en\/leisure-camping-pont-croix\/","name":"Camping with playground in Pont-Croix | Camping loisirs Bretagne","isPartOf":{"@id":"https:\/\/www.campinglizoe.fr\/#website"},"primaryImageOfPage":{"@id":"https:\/\/www.campinglizoe.fr\/en\/leisure-camping-pont-croix\/#primaryimage"},"image":{"@id":"https:\/\/www.campinglizoe.fr\/en\/leisure-camping-pont-croix\/#primaryimage"},"thumbnailUrl":"https:\/\/www.campinglizoe.fr\/wp-content\/uploads\/2025\/05\/IMG_8242.jpeg","datePublished":"2023-02-13T08:21:41+00:00","dateModified":"2025-06-20T14:27:32+00:00","breadcrumb":{"@id":"https:\/\/www.campinglizoe.fr\/en\/leisure-camping-pont-croix\/#breadcrumb"},"inLanguage":"en-US","potentialAction":[{"@type":"ReadAction","target":["https:\/\/www.campinglizoe.fr\/en\/leisure-camping-pont-croix\/"]}]},{"@type":"ImageObject","inLanguage":"en-US","@id":"https:\/\/www.campinglizoe.fr\/en\/leisure-camping-pont-croix\/#primaryimage","url":"https:\/\/www.campinglizoe.fr\/wp-content\/uploads\/2025\/05\/IMG_8242.jpeg","contentUrl":"https:\/\/www.campinglizoe.fr\/wp-content\/uploads\/2025\/05\/IMG_8242.jpeg","width":2048,"height":1536,"caption":"camping animations finistere"},{"@type":"BreadcrumbList","@id":"https:\/\/www.campinglizoe.fr\/en\/leisure-camping-pont-croix\/#breadcrumb","itemListElement":[{"@type":"ListItem","position":1,"name":"Camping Finist\u00e8re Sud","item":"https:\/\/www.campinglizoe.fr\/en\/"},{"@type":"ListItem","position":2,"name":"Camping with leisure in Finist\u00e8re"}]},{"@type":"WebSite","@id":"https:\/\/www.campinglizoe.fr\/#website","url":"https:\/\/www.campinglizoe.fr\/","name":"Camping Lizo\u00e9","description":"","publisher":{"@id":"https:\/\/www.campinglizoe.fr\/#organization"},"potentialAction":[{"@type":"SearchAction","target":{"@type":"EntryPoint","urlTemplate":"https:\/\/www.campinglizoe.fr\/?s={search_term_string}"},"query-input":{"@type":"PropertyValueSpecification","valueRequired":true,"valueName":"search_term_string"}}],"inLanguage":"en-US"},{"@type":"Organization","@id":"https:\/\/www.campinglizoe.fr\/#organization","name":"Camping Lizo\u00e9","url":"https:\/\/www.campinglizoe.fr\/","logo":{"@type":"ImageObject","inLanguage":"en-US","@id":"https:\/\/www.campinglizoe.fr\/#\/schema\/logo\/image\/","url":"https:\/\/www.campinglizoe.fr\/wp-content\/uploads\/2022\/11\/cropped-logo-lizoe.png","contentUrl":"https:\/\/www.campinglizoe.fr\/wp-content\/uploads\/2022\/11\/cropped-logo-lizoe.png","width":500,"height":500,"caption":"Camping Lizo\u00e9"},"image":{"@id":"https:\/\/www.campinglizoe.fr\/#\/schema\/logo\/image\/"}}]}},"_links":{"self":[{"href":"https:\/\/www.campinglizoe.fr\/en\/wp-json\/wp\/v2\/pages\/1772","targetHints":{"allow":["GET"]}}],"collection":[{"href":"https:\/\/www.campinglizoe.fr\/en\/wp-json\/wp\/v2\/pages"}],"about":[{"href":"https:\/\/www.campinglizoe.fr\/en\/wp-json\/wp\/v2\/types\/page"}],"author":[{"embeddable":true,"href":"https:\/\/www.campinglizoe.fr\/en\/wp-json\/wp\/v2\/users\/1"}],"replies":[{"embeddable":true,"href":"https:\/\/www.campinglizoe.fr\/en\/wp-json\/wp\/v2\/comments?post=1772"}],"version-history":[{"count":20,"href":"https:\/\/www.campinglizoe.fr\/en\/wp-json\/wp\/v2\/pages\/1772\/revisions"}],"predecessor-version":[{"id":2676,"href":"https:\/\/www.campinglizoe.fr\/en\/wp-json\/wp\/v2\/pages\/1772\/revisions\/2676"}],"wp:featuredmedia":[{"embeddable":true,"href":"https:\/\/www.campinglizoe.fr\/en\/wp-json\/wp\/v2\/media\/2657"}],"wp:attachment":[{"href":"https:\/\/www.campinglizoe.fr\/en\/wp-json\/wp\/v2\/media?parent=1772"}],"wp:term":[{"taxonomy":"sujet","embeddable":true,"href":"https:\/\/www.campinglizoe.fr\/en\/wp-json\/wp\/v2\/sujet?post=1772"}],"curies":[{"name":"wp","href":"https:\/\/api.w.org\/{rel}","templated":true}]}}