{"id":1784,"date":"2023-02-13T09:32:04","date_gmt":"2023-02-13T08:32:04","guid":{"rendered":"https:\/\/www.campinglizoe.fr\/the-pool\/"},"modified":"2025-09-28T15:16:49","modified_gmt":"2025-09-28T13:16:49","slug":"camping-pool-heating-pont-croix","status":"publish","type":"page","link":"https:\/\/www.campinglizoe.fr\/en\/camping-pool-heating-pont-croix\/","title":{"rendered":"La Piscine"},"content":{"rendered":"<section id=\"ls-section-block_115f87382dc74f9d2dee9026057867d3\" class=\"ls-section  page-chapeau has-p-b p-b-0\" >\n        <div class=\"container \">\n        \n\n<h1 class=\"ls__heading wp-block-heading has-text-align-center vague-longue jaune\">Camping with heated pool in Brittany <\/h1>\n\n\n    <\/div>\n<\/section><section id=\"ls-section-block_456757a15442089193e1915fe9412cae\" class=\"ls-section  page-one\" >\n        <div class=\"container container--wide\">\n        \n\n<div class=\"wp-block-columns is-layout-flex wp-container-core-columns-is-layout-9d6595d7 wp-block-columns-is-layout-flex\">\n<div class=\"wp-block-column is-layout-flow wp-block-column-is-layout-flow\" style=\"flex-basis:60%\">\n<figure class=\"wp-block-image size-full arrondi animated fadeInLeft delay-200ms slow\"><img decoding=\"async\" width=\"2048\" height=\"1536\" src=\"https:\/\/www.campinglizoe.fr\/wp-content\/uploads\/2025\/05\/IMG_7984.jpeg\" alt=\"camping with pool finistere\" class=\"wp-image-2574\" srcset=\"https:\/\/www.campinglizoe.fr\/wp-content\/uploads\/2025\/05\/IMG_7984.jpeg 2048w, https:\/\/www.campinglizoe.fr\/wp-content\/uploads\/2025\/05\/IMG_7984-300x225.jpeg 300w, https:\/\/www.campinglizoe.fr\/wp-content\/uploads\/2025\/05\/IMG_7984-1024x768.jpeg 1024w, https:\/\/www.campinglizoe.fr\/wp-content\/uploads\/2025\/05\/IMG_7984-768x576.jpeg 768w, https:\/\/www.campinglizoe.fr\/wp-content\/uploads\/2025\/05\/IMG_7984-1536x1152.jpeg 1536w\" sizes=\"(max-width: 2048px) 100vw, 2048px\" \/><\/figure>\n<\/div>\n\n\n\n<div class=\"wp-block-column is-vertically-aligned-center is-layout-flow wp-block-column-is-layout-flow\" style=\"flex-basis:40%\">\n<h2 class=\"ls__heading wp-block-heading double-vague-left vert\">Swimming in our indoor pool<\/h2>\n\n\n\n<p class=\"ls-paragraph\">Si pour vous aussi, le mot vacances rime avec baignade, vous appr\u00e9cierez de passer <a href=\"#\">votre s\u00e9jour en Finist\u00e8re<\/a> dans notre camping avec <strong>piscine chauff\u00e9e \u00e0 Pont-Croix <\/strong>: une destination id\u00e9ale pour commencer chaque journ\u00e9e de vacances par une s\u00e9ance de nage, pour passer des apr\u00e8s-midis entiers \u00e0 vous baigner en famille, ou pour vous d\u00e9tendre simplement dans l\u2019eau chaude apr\u00e8s une journ\u00e9e d\u2019excursions ou de plage ! <\/p>\n\n\n\n<p class=\"ls-paragraph\">Practical, welcoming and comfortable, our covered swimming pool guarantees you daily swims protected from any risk of rain. With a constant depth of one meter forty, you will be able to swim and have fun in complete safety.<\/p>\n\n\n\n<p class=\"ls-paragraph\">Notre <strong>piscine couverte en Bretagne<\/strong> est \u00e9quip\u00e9e de sanitaires, d\u2019une douche chaude, de vestiaires et de casiers \u00e0 cl\u00e9s pour vous permettre de profiter de la baignade dans les meilleures conditions tous les jours de 9h30 \u00e0 19h30.<\/p>\n<\/div>\n<\/div>\n\n\n    <\/div>\n<\/section><section id=\"ls-section-block_4d27fa39981210b86978f2d95ccdebb4\" class=\"ls-section  page-two has-background-image has-p-t p-t-14 has-p-b p-b-14\" >\n    <div class=\"ls-section__background-image opacity-100\"><img decoding=\"async\" src=\"https:\/\/www.campinglizoe.fr\/wp-content\/uploads\/2022\/12\/deco-verte-2-1.png\" alt=\"deco verte camping lizoe\"><\/div>    <div class=\"container container--wide\">\n        \n\n<div class=\"wp-block-columns is-layout-flex wp-container-core-columns-is-layout-9d6595d7 wp-block-columns-is-layout-flex\">\n<div class=\"wp-block-column is-vertically-aligned-center is-layout-flow wp-block-column-is-layout-flow\">\n<h2 class=\"ls__heading wp-block-heading double-vague-left vert\">The wading pool<\/h2>\n\n\n\n<p class=\"ls-paragraph\">You can enjoy the pool with your children in complete tranquillity , thanks to the paddling pool and jets. The youngest will be able to enjoy the joys of water in <strong>complete safety<\/strong>. Relaxation is the order of the day!<\/p>\n\n\n\n<p class=\"ls-paragraph\">Your toddlers&#8217; first time in the water is always a unique and unforgettable moment. The <strong>paddling pool<\/strong> of the campsite will allow the whole family to share and immortalize this moment in all serenity.<\/p>\n\n\n\n<p class=\"ls-paragraph\">Thanks to the campsite&#8217;s complete aquatic area, everyone will be able to enjoy the benefits of water and swimming during your vacations in Finist\u00e8re! <\/p>\n<\/div>\n\n\n\n<div class=\"wp-block-column is-vertically-aligned-center is-layout-flow wp-block-column-is-layout-flow\">\n<figure class=\"wp-block-image size-full arrondi has-m-b m-b-8 animated fadeInRight delay-200ms slow\"><a href=\"https:\/\/www.campinglizoe.fr\/wp-content\/uploads\/2025\/05\/IMG_8246.jpeg\"><img decoding=\"async\" width=\"2048\" height=\"1536\" src=\"https:\/\/www.campinglizoe.fr\/wp-content\/uploads\/2025\/05\/IMG_8246.jpeg\" alt=\"pataugeoire enfants\" class=\"wp-image-2578\" srcset=\"https:\/\/www.campinglizoe.fr\/wp-content\/uploads\/2025\/05\/IMG_8246.jpeg 2048w, https:\/\/www.campinglizoe.fr\/wp-content\/uploads\/2025\/05\/IMG_8246-300x225.jpeg 300w, https:\/\/www.campinglizoe.fr\/wp-content\/uploads\/2025\/05\/IMG_8246-1024x768.jpeg 1024w, https:\/\/www.campinglizoe.fr\/wp-content\/uploads\/2025\/05\/IMG_8246-768x576.jpeg 768w, https:\/\/www.campinglizoe.fr\/wp-content\/uploads\/2025\/05\/IMG_8246-1536x1152.jpeg 1536w\" sizes=\"(max-width: 2048px) 100vw, 2048px\" \/><\/a><\/figure>\n\n\n\n<p class=\"ls-paragraph\"><\/p>\n\n\n\n<p class=\"ls-paragraph\"><\/p>\n<\/div>\n<\/div>\n\n\n\n<div class=\"wp-block-columns is-layout-flex wp-container-core-columns-is-layout-9d6595d7 wp-block-columns-is-layout-flex\">\n<div class=\"wp-block-column is-vertically-aligned-center is-layout-flow wp-block-column-is-layout-flow\">\n<figure class=\"wp-block-image size-full arrondi has-m-t m-t-8 animated fadeInLeft delay-200ms slow wp-duotone-unset-1\"><a href=\"https:\/\/www.campinglizoe.fr\/wp-content\/uploads\/2025\/05\/IMG_7980.jpeg\"><img decoding=\"async\" width=\"614\" height=\"819\" src=\"https:\/\/www.campinglizoe.fr\/wp-content\/uploads\/2025\/05\/IMG_7980-edited.jpeg\" alt=\"sunbathing pool\" class=\"wp-image-2585\" srcset=\"https:\/\/www.campinglizoe.fr\/wp-content\/uploads\/2025\/05\/IMG_7980-edited.jpeg 614w, https:\/\/www.campinglizoe.fr\/wp-content\/uploads\/2025\/05\/IMG_7980-edited-225x300.jpeg 225w\" sizes=\"(max-width: 614px) 100vw, 614px\" \/><\/a><\/figure>\n<\/div>\n\n\n\n<div class=\"wp-block-column is-vertically-aligned-center is-layout-flow wp-block-column-is-layout-flow\">\n<h2 class=\"ls__heading wp-block-heading double-vague-right jaune\">Sunbathing by the pool<\/h2>\n\n\n\n<p class=\"ls-paragraph\">For you, vacations are synonymous with swimming and lazing around?<\/p>\n\n\n\n<p class=\"ls-paragraph\">Take advantage of the <strong>&#8220;comfort&#8221; chairs<\/strong> available around the pool and the <strong>sunbeds<\/strong> on the pool terrace to enjoy the splendid Breton sun!<\/p>\n\n\n\n<p class=\"ls-paragraph\">A meeting point for campers, sunbathing around the pool will also allow you to keep an eye on your children while perfecting your tan.<\/p>\n<\/div>\n<\/div>\n\n\n    <\/div>\n<\/section><section id=\"ls-section-block_1f65e256e766585f3b2ca14d9179f56c\" class=\"ls-section  page-three has-background-image has-parallax has-background has-color-1-background-color has-p-t p-t-14 has-p-b p-b-30\" >\n    <div class=\"ls-section__background-image opacity-77\"><img decoding=\"async\" src=\"https:\/\/www.campinglizoe.fr\/wp-content\/uploads\/2024\/04\/IMG_1014-e1713275486384.jpeg\" alt=\"camping avec piscine bretagne\"><\/div>    <div class=\"container \">\n        \n\n<div id=\"ls-heading ls-titre-div-block_ae4e48cc18c956cd417add2edbad5766\" class=\"ls-titre-div double-vague-left jaune aligncenter h2-like has-m-b m-b-8\" >\n    What do our customers think of the pool?<\/div>\n\n\n<div class=\"avis-container-pages\"><div class=\"avis\"><div class=\"avis-content-container\"><div class=\"avis-text-container\"><div class=\"avis-name\">Ludovic A<\/div><div class=\"avis-note\">\n                <span><i class=\"lizoe-star\"><\/i><\/span><span><i class=\"lizoe-star\"><\/i><\/span><span><i class=\"lizoe-star\"><\/i><\/span><span><i class=\"lizoe-star\"><\/i><\/span><span><i class=\"lizoe-star\"><\/i><\/span>\n                <\/div><div class=\"avis-content\"><p>A superb campsite, large pitches very well laid out and maintained, <b>a covered and heated swimming pool all year round<\/b>, a large covered room for petanque, ping pong, badminton and sports equipment at disposal. ( in summer several inflatable structures in addition ) Something to amuse young and old &#8230; The sanitary facilities are spotless. And for the reception which is top, do not hesitate to come to discover by yourself, you will not be disappointed. Have a good vacation<\/p>\n<\/div><\/div><\/div><\/div><div class=\"avis\"><div class=\"avis-content-container\"><div class=\"avis-text-container\"><div class=\"avis-name\">Fabienne L<\/div><div class=\"avis-note\">\n                <span><i class=\"lizoe-star\"><\/i><\/span><span><i class=\"lizoe-star\"><\/i><\/span><span><i class=\"lizoe-star\"><\/i><\/span><span><i class=\"lizoe-star\"><\/i><\/span><span><i class=\"lizoe-star\"><\/i><\/span>\n                <\/div><div class=\"avis-content\"><p>Nous avons passe un excellent sejour, le mobil home etait tres fonctionnel et propre, les proprietaires sont tres acceuillants et a l&#8217;ecoute. <b>Et le vrai plus,une piscine couverte et chauffee qui nous a permis de se baigner meme les jours pluvieux.<\/b><br \/>\nNous le recommandons vivement.<\/p>\n<\/div><\/div><\/div><\/div><div class=\"avis\"><div class=\"avis-content-container\"><div class=\"avis-text-container\"><div class=\"avis-name\">Evelyne G<\/div><div class=\"avis-note\">\n                <span><i class=\"lizoe-star\"><\/i><\/span><span><i class=\"lizoe-star\"><\/i><\/span><span><i class=\"lizoe-star\"><\/i><\/span><span><i class=\"lizoe-star\"><\/i><\/span><span><i class=\"lizoe-star\"><\/i><\/span>\n                <\/div><div class=\"avis-content\"><p>Very warm welcome and at the same time respectful of the intimacy of each one. Very clean and pleasant campsite (setting, easy circulation, wooden floor sanitary facilities at the top). Lieu calme, sans bruit tard le soir.<br \/>\nSnack en saison bien appr\u00e9ciable.<b>La piscine est tr\u00e8s agr\u00e9able, ferm\u00e9e et avec douche chaude.<\/b><br \/>\nMerci beaucoup \u00e0 toute l&#8217;\u00e9quipe pour ce super s\u00e9jour !!!<\/p>\n<\/div><\/div><\/div><\/div><\/div>\n\n\n    <\/div>\n<\/section><section id=\"ls-section-block_10d1e11d0821a0a83b1a6e0721eb5184\" class=\"ls-section  page-maillage has-p-t p-t-14 has-p-b p-b-14\" >\n        <div class=\"container container--wide\">\n        \n\n<div id=\"ls-heading ls-titre-div-block_ce534f77c30f4ce729b2a4c0ef8eae41\" class=\"ls-titre-div double-vague-right vert aligncenter h2-like has-m-b m-b-8\" >\n    Discover our services, our mobile homes and our prices!<\/div>\n\n\n<div id=\"ls-maillage-block_373c0fb068d17a20e0a25184a6281bc5\" class=\"ls-maillage cta-style-normal has-p-t p-t-4\" data-rows=\"3\">\n    <div class=\"wp-block-columns\"><div class=\"wp-block-column\">\n\n<a href=\"https:\/\/www.campinglizoe.fr\/en\/camping-familial-pont-croix\/\" target=\"\" rel=\"noopener\" class=\"ls-cta__link\">\n\n\t<div class=\"ls-cta__image\"><img decoding=\"async\" src=\"https:\/\/www.campinglizoe.fr\/wp-content\/uploads\/2024\/04\/cadeau-client-e1713278185574.jpg\" alt=\"camping en famille finistere sud\"><\/div>\n\t<div class=\"ls-cta__title\">\n\t\tThe services of the campsite<i class=\"lizoe-chevron-thin-down\"><\/i>\t\n\t<\/div>\n\n\t\t\n<\/a><\/div><div class=\"wp-block-column\">\n\n<a href=\"https:\/\/www.campinglizoe.fr\/en\/mobil-home-rental-pont-croix\/\" target=\"\" rel=\"noopener\" class=\"ls-cta__link\">\n\n\t<div class=\"ls-cta__image\"><img decoding=\"async\" src=\"https:\/\/www.campinglizoe.fr\/wp-content\/uploads\/2022\/11\/IMG_3653-768x576.jpeg\" alt=\"louer un mobil home lizoe\"><\/div>\n\t<div class=\"ls-cta__title\">\n\t\tOur mobile-home<i class=\"lizoe-chevron-thin-down\"><\/i>\t\n\t<\/div>\n\n\t\t\n<\/a><\/div><div class=\"wp-block-column\">\n\n<a href=\"https:\/\/www.campinglizoe.fr\/en\/cheap-campsite-pont-croix\/\" target=\"\" rel=\"noopener\" class=\"ls-cta__link\">\n\n\t<div class=\"ls-cta__image\"><img decoding=\"async\" src=\"https:\/\/www.campinglizoe.fr\/wp-content\/uploads\/2024\/04\/porte-cles-768x1605.jpg\" alt=\"Tarifs vacances camping\"><\/div>\n\t<div class=\"ls-cta__title\">\n\t\tOur rates<i class=\"lizoe-chevron-thin-down\"><\/i>\t\n\t<\/div>\n\n\t\t\n<\/a><\/div><\/div><\/div>\n\n    <\/div>\n<\/section>","protected":false},"excerpt":{"rendered":"","protected":false},"author":1,"featured_media":1332,"parent":0,"menu_order":0,"comment_status":"closed","ping_status":"closed","template":"","meta":{"_acf_changed":false,"footnotes":""},"sujet":[],"class_list":["post-1784","page","type-page","status-publish","has-post-thumbnail","hentry"],"acf":[],"yoast_head":"<!-- This site is optimized with the Yoast SEO plugin v25.3 - https:\/\/yoast.com\/wordpress\/plugins\/seo\/ -->\n<title>Camping heated pool Pont-Croix | Camping pool Brittany<\/title>\n<meta name=\"robots\" content=\"index, follow, max-snippet:-1, max-image-preview:large, max-video-preview:-1\" \/>\n<link rel=\"canonical\" href=\"https:\/\/www.campinglizoe.fr\/en\/camping-pool-heating-pont-croix\/\" \/>\n<meta property=\"og:locale\" content=\"en_US\" \/>\n<meta property=\"og:type\" content=\"article\" \/>\n<meta property=\"og:title\" content=\"Camping heated pool Pont-Croix | Camping pool Brittany\" \/>\n<meta property=\"og:url\" content=\"https:\/\/www.campinglizoe.fr\/en\/camping-pool-heating-pont-croix\/\" \/>\n<meta property=\"og:site_name\" content=\"Camping Lizo\u00e9\" \/>\n<meta property=\"article:modified_time\" content=\"2025-09-28T13:16:49+00:00\" \/>\n<meta property=\"og:image\" content=\"https:\/\/www.campinglizoe.fr\/wp-content\/uploads\/2023\/01\/camping-avec-piscine-dans-le-finistrere.jpg\" \/>\n\t<meta property=\"og:image:width\" content=\"1920\" \/>\n\t<meta property=\"og:image:height\" content=\"675\" \/>\n\t<meta property=\"og:image:type\" content=\"image\/jpeg\" \/>\n<meta name=\"twitter:card\" content=\"summary_large_image\" \/>\n<meta name=\"twitter:label1\" content=\"Est. reading time\" \/>\n\t<meta name=\"twitter:data1\" content=\"3 minutes\" \/>\n<script type=\"application\/ld+json\" class=\"yoast-schema-graph\">{\"@context\":\"https:\/\/schema.org\",\"@graph\":[{\"@type\":\"WebPage\",\"@id\":\"https:\/\/www.campinglizoe.fr\/en\/camping-pool-heating-pont-croix\/\",\"url\":\"https:\/\/www.campinglizoe.fr\/en\/camping-pool-heating-pont-croix\/\",\"name\":\"Camping heated pool Pont-Croix | Camping pool Brittany\",\"isPartOf\":{\"@id\":\"https:\/\/www.campinglizoe.fr\/#website\"},\"primaryImageOfPage\":{\"@id\":\"https:\/\/www.campinglizoe.fr\/en\/camping-pool-heating-pont-croix\/#primaryimage\"},\"image\":{\"@id\":\"https:\/\/www.campinglizoe.fr\/en\/camping-pool-heating-pont-croix\/#primaryimage\"},\"thumbnailUrl\":\"https:\/\/www.campinglizoe.fr\/wp-content\/uploads\/2023\/01\/camping-avec-piscine-dans-le-finistrere.jpg\",\"datePublished\":\"2023-02-13T08:32:04+00:00\",\"dateModified\":\"2025-09-28T13:16:49+00:00\",\"breadcrumb\":{\"@id\":\"https:\/\/www.campinglizoe.fr\/en\/camping-pool-heating-pont-croix\/#breadcrumb\"},\"inLanguage\":\"en-US\",\"potentialAction\":[{\"@type\":\"ReadAction\",\"target\":[\"https:\/\/www.campinglizoe.fr\/en\/camping-pool-heating-pont-croix\/\"]}]},{\"@type\":\"ImageObject\",\"inLanguage\":\"en-US\",\"@id\":\"https:\/\/www.campinglizoe.fr\/en\/camping-pool-heating-pont-croix\/#primaryimage\",\"url\":\"https:\/\/www.campinglizoe.fr\/wp-content\/uploads\/2023\/01\/camping-avec-piscine-dans-le-finistrere.jpg\",\"contentUrl\":\"https:\/\/www.campinglizoe.fr\/wp-content\/uploads\/2023\/01\/camping-avec-piscine-dans-le-finistrere.jpg\",\"width\":1920,\"height\":675,\"caption\":\"camping avec piscine dans le fiistrere\"},{\"@type\":\"BreadcrumbList\",\"@id\":\"https:\/\/www.campinglizoe.fr\/en\/camping-pool-heating-pont-croix\/#breadcrumb\",\"itemListElement\":[{\"@type\":\"ListItem\",\"position\":1,\"name\":\"Camping Finist\u00e8re Sud\",\"item\":\"https:\/\/www.campinglizoe.fr\/en\/\"},{\"@type\":\"ListItem\",\"position\":2,\"name\":\"Camping indoor pool in Pont-Croix\"}]},{\"@type\":\"WebSite\",\"@id\":\"https:\/\/www.campinglizoe.fr\/#website\",\"url\":\"https:\/\/www.campinglizoe.fr\/\",\"name\":\"Camping Lizo\u00e9\",\"description\":\"\",\"publisher\":{\"@id\":\"https:\/\/www.campinglizoe.fr\/#organization\"},\"potentialAction\":[{\"@type\":\"SearchAction\",\"target\":{\"@type\":\"EntryPoint\",\"urlTemplate\":\"https:\/\/www.campinglizoe.fr\/?s={search_term_string}\"},\"query-input\":{\"@type\":\"PropertyValueSpecification\",\"valueRequired\":true,\"valueName\":\"search_term_string\"}}],\"inLanguage\":\"en-US\"},{\"@type\":\"Organization\",\"@id\":\"https:\/\/www.campinglizoe.fr\/#organization\",\"name\":\"Camping Lizo\u00e9\",\"url\":\"https:\/\/www.campinglizoe.fr\/\",\"logo\":{\"@type\":\"ImageObject\",\"inLanguage\":\"en-US\",\"@id\":\"https:\/\/www.campinglizoe.fr\/#\/schema\/logo\/image\/\",\"url\":\"https:\/\/www.campinglizoe.fr\/wp-content\/uploads\/2022\/11\/cropped-logo-lizoe.png\",\"contentUrl\":\"https:\/\/www.campinglizoe.fr\/wp-content\/uploads\/2022\/11\/cropped-logo-lizoe.png\",\"width\":500,\"height\":500,\"caption\":\"Camping Lizo\u00e9\"},\"image\":{\"@id\":\"https:\/\/www.campinglizoe.fr\/#\/schema\/logo\/image\/\"}}]}<\/script>\n<!-- \/ Yoast SEO plugin. -->","yoast_head_json":{"title":"Camping heated pool Pont-Croix | Camping pool Brittany","robots":{"index":"index","follow":"follow","max-snippet":"max-snippet:-1","max-image-preview":"max-image-preview:large","max-video-preview":"max-video-preview:-1"},"canonical":"https:\/\/www.campinglizoe.fr\/en\/camping-pool-heating-pont-croix\/","og_locale":"en_US","og_type":"article","og_title":"Camping heated pool Pont-Croix | Camping pool Brittany","og_url":"https:\/\/www.campinglizoe.fr\/en\/camping-pool-heating-pont-croix\/","og_site_name":"Camping Lizo\u00e9","article_modified_time":"2025-09-28T13:16:49+00:00","og_image":[{"width":1920,"height":675,"url":"https:\/\/www.campinglizoe.fr\/wp-content\/uploads\/2023\/01\/camping-avec-piscine-dans-le-finistrere.jpg","type":"image\/jpeg"}],"twitter_card":"summary_large_image","twitter_misc":{"Est. reading time":"3 minutes"},"schema":{"@context":"https:\/\/schema.org","@graph":[{"@type":"WebPage","@id":"https:\/\/www.campinglizoe.fr\/en\/camping-pool-heating-pont-croix\/","url":"https:\/\/www.campinglizoe.fr\/en\/camping-pool-heating-pont-croix\/","name":"Camping heated pool Pont-Croix | Camping pool Brittany","isPartOf":{"@id":"https:\/\/www.campinglizoe.fr\/#website"},"primaryImageOfPage":{"@id":"https:\/\/www.campinglizoe.fr\/en\/camping-pool-heating-pont-croix\/#primaryimage"},"image":{"@id":"https:\/\/www.campinglizoe.fr\/en\/camping-pool-heating-pont-croix\/#primaryimage"},"thumbnailUrl":"https:\/\/www.campinglizoe.fr\/wp-content\/uploads\/2023\/01\/camping-avec-piscine-dans-le-finistrere.jpg","datePublished":"2023-02-13T08:32:04+00:00","dateModified":"2025-09-28T13:16:49+00:00","breadcrumb":{"@id":"https:\/\/www.campinglizoe.fr\/en\/camping-pool-heating-pont-croix\/#breadcrumb"},"inLanguage":"en-US","potentialAction":[{"@type":"ReadAction","target":["https:\/\/www.campinglizoe.fr\/en\/camping-pool-heating-pont-croix\/"]}]},{"@type":"ImageObject","inLanguage":"en-US","@id":"https:\/\/www.campinglizoe.fr\/en\/camping-pool-heating-pont-croix\/#primaryimage","url":"https:\/\/www.campinglizoe.fr\/wp-content\/uploads\/2023\/01\/camping-avec-piscine-dans-le-finistrere.jpg","contentUrl":"https:\/\/www.campinglizoe.fr\/wp-content\/uploads\/2023\/01\/camping-avec-piscine-dans-le-finistrere.jpg","width":1920,"height":675,"caption":"camping avec piscine dans le fiistrere"},{"@type":"BreadcrumbList","@id":"https:\/\/www.campinglizoe.fr\/en\/camping-pool-heating-pont-croix\/#breadcrumb","itemListElement":[{"@type":"ListItem","position":1,"name":"Camping Finist\u00e8re Sud","item":"https:\/\/www.campinglizoe.fr\/en\/"},{"@type":"ListItem","position":2,"name":"Camping indoor pool in Pont-Croix"}]},{"@type":"WebSite","@id":"https:\/\/www.campinglizoe.fr\/#website","url":"https:\/\/www.campinglizoe.fr\/","name":"Camping Lizo\u00e9","description":"","publisher":{"@id":"https:\/\/www.campinglizoe.fr\/#organization"},"potentialAction":[{"@type":"SearchAction","target":{"@type":"EntryPoint","urlTemplate":"https:\/\/www.campinglizoe.fr\/?s={search_term_string}"},"query-input":{"@type":"PropertyValueSpecification","valueRequired":true,"valueName":"search_term_string"}}],"inLanguage":"en-US"},{"@type":"Organization","@id":"https:\/\/www.campinglizoe.fr\/#organization","name":"Camping Lizo\u00e9","url":"https:\/\/www.campinglizoe.fr\/","logo":{"@type":"ImageObject","inLanguage":"en-US","@id":"https:\/\/www.campinglizoe.fr\/#\/schema\/logo\/image\/","url":"https:\/\/www.campinglizoe.fr\/wp-content\/uploads\/2022\/11\/cropped-logo-lizoe.png","contentUrl":"https:\/\/www.campinglizoe.fr\/wp-content\/uploads\/2022\/11\/cropped-logo-lizoe.png","width":500,"height":500,"caption":"Camping Lizo\u00e9"},"image":{"@id":"https:\/\/www.campinglizoe.fr\/#\/schema\/logo\/image\/"}}]}},"_links":{"self":[{"href":"https:\/\/www.campinglizoe.fr\/en\/wp-json\/wp\/v2\/pages\/1784","targetHints":{"allow":["GET"]}}],"collection":[{"href":"https:\/\/www.campinglizoe.fr\/en\/wp-json\/wp\/v2\/pages"}],"about":[{"href":"https:\/\/www.campinglizoe.fr\/en\/wp-json\/wp\/v2\/types\/page"}],"author":[{"embeddable":true,"href":"https:\/\/www.campinglizoe.fr\/en\/wp-json\/wp\/v2\/users\/1"}],"replies":[{"embeddable":true,"href":"https:\/\/www.campinglizoe.fr\/en\/wp-json\/wp\/v2\/comments?post=1784"}],"version-history":[{"count":22,"href":"https:\/\/www.campinglizoe.fr\/en\/wp-json\/wp\/v2\/pages\/1784\/revisions"}],"predecessor-version":[{"id":2696,"href":"https:\/\/www.campinglizoe.fr\/en\/wp-json\/wp\/v2\/pages\/1784\/revisions\/2696"}],"wp:featuredmedia":[{"embeddable":true,"href":"https:\/\/www.campinglizoe.fr\/en\/wp-json\/wp\/v2\/media\/1332"}],"wp:attachment":[{"href":"https:\/\/www.campinglizoe.fr\/en\/wp-json\/wp\/v2\/media?parent=1784"}],"wp:term":[{"taxonomy":"sujet","embeddable":true,"href":"https:\/\/www.campinglizoe.fr\/en\/wp-json\/wp\/v2\/sujet?post=1784"}],"curies":[{"name":"wp","href":"https:\/\/api.w.org\/{rel}","templated":true}]}}